{"id":1165,"date":"2023-08-31T13:56:08","date_gmt":"2023-08-31T16:56:08","guid":{"rendered":"https:\/\/prefeituradecaico.com.br\/?page_id=1165"},"modified":"2023-08-31T13:56:08","modified_gmt":"2023-08-31T16:56:08","slug":"quem-somos","status":"publish","type":"page","link":"https:\/\/prefeituradecaico.com.br\/?page_id=1165","title":{"rendered":"Quem Somos"},"content":{"rendered":"\n<p>Not\u00edcias Caic\u00f3 &#8211; Mantendo Voc\u00ea Informado sobre o Cora\u00e7\u00e3o da Comunidade<\/p>\n\n\n\n<p>Bem-vindo ao Not\u00edcias Caic\u00f3, o seu hub de informa\u00e7\u00f5es para tudo o que acontece no munic\u00edpio de Caic\u00f3! N\u00f3s somos um blog comprometido em trazer at\u00e9 voc\u00ea as \u00faltimas not\u00edcias, eventos e desenvolvimentos que afetam nossa querida comunidade.<\/p>\n\n\n\n<p>Aqui, acreditamos que informa\u00e7\u00e3o \u00e9 poder, e nossa miss\u00e3o \u00e9 manter os cidad\u00e3os de Caic\u00f3 bem informados sobre tudo o que molda nosso munic\u00edpio. Desde atualiza\u00e7\u00f5es da prefeitura at\u00e9 coberturas de eventos locais, estamos empenhados em oferecer conte\u00fado relevante e confi\u00e1vel que mant\u00e9m voc\u00ea conectado com a ess\u00eancia de nossa cidade. Junte-se a n\u00f3s nessa jornada de descoberta e participa\u00e7\u00e3o, enquanto exploramos juntos o pulsar da vida em Caic\u00f3.<\/p>\n","protected":false},"excerpt":{"rendered":"<p>Not\u00edcias Caic\u00f3 &#8211; Mantendo Voc\u00ea Informado sobre o Cora\u00e7\u00e3o da Comunidade Bem-vindo ao Not\u00edcias Caic\u00f3, o seu hub de informa\u00e7\u00f5es para tudo o que acontece no munic\u00edpio de Caic\u00f3! N\u00f3s somos um blog comprometido em trazer at\u00e9 voc\u00ea as \u00faltimas not\u00edcias, eventos e desenvolvimentos que afetam nossa querida comunidade. Aqui, acreditamos que informa\u00e7\u00e3o \u00e9 poder, &#8230; <a title=\"Quem Somos\" class=\"read-more\" href=\"https:\/\/prefeituradecaico.com.br\/?page_id=1165\" aria-label=\"Read more about Quem Somos\">Read more<\/a><\/p>\n","protected":false},"author":1,"featured_media":0,"parent":0,"menu_order":0,"comment_status":"closed","ping_status":"closed","template":"","meta":{"footnotes":""},"class_list":["post-1165","page","type-page","status-publish"],"_links":{"self":[{"href":"https:\/\/prefeituradecaico.com.br\/index.php?rest_route=\/wp\/v2\/pages\/1165","targetHints":{"allow":["GET"]}}],"collection":[{"href":"https:\/\/prefeituradecaico.com.br\/index.php?rest_route=\/wp\/v2\/pages"}],"about":[{"href":"https:\/\/prefeituradecaico.com.br\/index.php?rest_route=\/wp\/v2\/types\/page"}],"author":[{"embeddable":true,"href":"https:\/\/prefeituradecaico.com.br\/index.php?rest_route=\/wp\/v2\/users\/1"}],"replies":[{"embeddable":true,"href":"https:\/\/prefeituradecaico.com.br\/index.php?rest_route=%2Fwp%2Fv2%2Fcomments&post=1165"}],"version-history":[{"count":1,"href":"https:\/\/prefeituradecaico.com.br\/index.php?rest_route=\/wp\/v2\/pages\/1165\/revisions"}],"predecessor-version":[{"id":1168,"href":"https:\/\/prefeituradecaico.com.br\/index.php?rest_route=\/wp\/v2\/pages\/1165\/revisions\/1168"}],"wp:attachment":[{"href":"https:\/\/prefeituradecaico.com.br\/index.php?rest_route=%2Fwp%2Fv2%2Fmedia&parent=1165"}],"curies":[{"name":"wp","href":"https:\/\/api.w.org\/{rel}","templated":true}]}}