{"id":1166,"date":"2023-08-31T13:56:04","date_gmt":"2023-08-31T16:56:04","guid":{"rendered":"https:\/\/prefeituradecaico.com.br\/?page_id=1166"},"modified":"2023-08-31T13:56:05","modified_gmt":"2023-08-31T16:56:05","slug":"autor","status":"publish","type":"page","link":"https:\/\/prefeituradecaico.com.br\/?page_id=1166","title":{"rendered":"Autor"},"content":{"rendered":"\n<p>Adriano Leonardo &#8211; Conectando a Comunidade atrav\u00e9s das Not\u00edcias Municipais<\/p>\n\n\n\n<p>Ol\u00e1 a todos! Eu sou Adriano Leonardo, um servidor p\u00fablico dedicado a manter a comunidade de Caic\u00f3 informada e conectada. Como respons\u00e1vel pela publica\u00e7\u00e3o das not\u00edcias da prefeitura de Caic\u00f3, minha miss\u00e3o \u00e9 fornecer informa\u00e7\u00f5es relevantes e atualizadas que afetam a vida de nossos concidad\u00e3os.<\/p>\n\n\n\n<p>Acredito que a informa\u00e7\u00e3o \u00e9 uma ferramenta poderosa para a participa\u00e7\u00e3o c\u00edvica e o desenvolvimento local. Neste espa\u00e7o, compartilho not\u00edcias importantes, atualiza\u00e7\u00f5es e eventos que moldam o cotidiano de Caic\u00f3. Junte-se a mim nessa jornada de conscientiza\u00e7\u00e3o e envolvimento, enquanto exploramos juntos os acontecimentos que fazem de Caic\u00f3 uma comunidade vibrante e pr\u00f3spera.<\/p>\n","protected":false},"excerpt":{"rendered":"<p>Adriano Leonardo &#8211; Conectando a Comunidade atrav\u00e9s das Not\u00edcias Municipais Ol\u00e1 a todos! Eu sou Adriano Leonardo, um servidor p\u00fablico dedicado a manter a comunidade de Caic\u00f3 informada e conectada. Como respons\u00e1vel pela publica\u00e7\u00e3o das not\u00edcias da prefeitura de Caic\u00f3, minha miss\u00e3o \u00e9 fornecer informa\u00e7\u00f5es relevantes e atualizadas que afetam a vida de nossos concidad\u00e3os. &#8230; <a title=\"Autor\" class=\"read-more\" href=\"https:\/\/prefeituradecaico.com.br\/?page_id=1166\" aria-label=\"Read more about Autor\">Read more<\/a><\/p>\n","protected":false},"author":1,"featured_media":0,"parent":0,"menu_order":0,"comment_status":"closed","ping_status":"closed","template":"","meta":{"footnotes":""},"class_list":["post-1166","page","type-page","status-publish"],"_links":{"self":[{"href":"https:\/\/prefeituradecaico.com.br\/index.php?rest_route=\/wp\/v2\/pages\/1166","targetHints":{"allow":["GET"]}}],"collection":[{"href":"https:\/\/prefeituradecaico.com.br\/index.php?rest_route=\/wp\/v2\/pages"}],"about":[{"href":"https:\/\/prefeituradecaico.com.br\/index.php?rest_route=\/wp\/v2\/types\/page"}],"author":[{"embeddable":true,"href":"https:\/\/prefeituradecaico.com.br\/index.php?rest_route=\/wp\/v2\/users\/1"}],"replies":[{"embeddable":true,"href":"https:\/\/prefeituradecaico.com.br\/index.php?rest_route=%2Fwp%2Fv2%2Fcomments&post=1166"}],"version-history":[{"count":1,"href":"https:\/\/prefeituradecaico.com.br\/index.php?rest_route=\/wp\/v2\/pages\/1166\/revisions"}],"predecessor-version":[{"id":1167,"href":"https:\/\/prefeituradecaico.com.br\/index.php?rest_route=\/wp\/v2\/pages\/1166\/revisions\/1167"}],"wp:attachment":[{"href":"https:\/\/prefeituradecaico.com.br\/index.php?rest_route=%2Fwp%2Fv2%2Fmedia&parent=1166"}],"curies":[{"name":"wp","href":"https:\/\/api.w.org\/{rel}","templated":true}]}}