{"id":144,"date":"2023-06-07T01:28:14","date_gmt":"2023-06-07T00:28:14","guid":{"rendered":"https:\/\/thevoice.wordifysites.com\/?page_id=144"},"modified":"2023-06-07T01:28:14","modified_gmt":"2023-06-07T00:28:14","slug":"home","status":"publish","type":"page","link":"https:\/\/prefeituradecaico.com.br\/","title":{"rendered":"Home"},"content":{"rendered":"<section class=\"gb-container gb-container-a127074a\">\n<div class=\"gb-grid-wrapper gb-grid-wrapper-191dd83a\">\n<div class=\"gb-grid-column gb-grid-column-55c55220\"><section class=\"gb-container gb-container-55c55220\">\n\n<div class=\"gb-grid-wrapper gb-grid-wrapper-7e5e2494 gb-query-loop-wrapper\">\n<div class=\"gb-grid-column gb-grid-column-ba09f40c gb-query-loop-item post-1387 post type-post status-publish format-standard has-post-thumbnail hentry category-blog\"><article class=\"gb-container gb-container-ba09f40c\">\n<div class=\"gb-container gb-container-9ee491ff\">\n<p class=\"gb-headline gb-headline-397ee59b gb-headline-text\"><time class=\"entry-date published\" datetime=\"2026-01-14T18:13:59-03:00\">14 de January de 2026<\/time><\/p>\n\n<div class=\"gb-container gb-container-35ff4da0\"><\/div>\n<\/div>\n\n<h2 class=\"gb-headline gb-headline-c4917338 gb-headline-text\"><a href=\"https:\/\/prefeituradecaico.com.br\/?p=1387\">O Importante dos Alvar\u00e1s de Funcionamento para Empresas em Munic\u00edpios: Regulamenta\u00e7\u00e3o e Legisla\u00e7\u00e3o<\/a><\/h2>\n\n<p class=\"gb-headline gb-headline-2831661c gb-headline-text\"><a href=\"https:\/\/prefeituradecaico.com.br\/?author=1\">prefeituradecaico.com.br<\/a><\/p>\n<\/article><\/div>\n\n<div class=\"gb-grid-column gb-grid-column-ba09f40c gb-query-loop-item post-1385 post type-post status-publish format-standard has-post-thumbnail hentry category-blog\"><article class=\"gb-container gb-container-ba09f40c\">\n<div class=\"gb-container gb-container-9ee491ff\">\n<p class=\"gb-headline gb-headline-397ee59b gb-headline-text\"><time class=\"entry-date published\" datetime=\"2026-01-14T18:12:28-03:00\">14 de January de 2026<\/time><\/p>\n\n<div class=\"gb-container gb-container-35ff4da0\"><\/div>\n<\/div>\n\n<h2 class=\"gb-headline gb-headline-c4917338 gb-headline-text\"><a href=\"https:\/\/prefeituradecaico.com.br\/?p=1385\">Como Abrir Uma Loja em Um Munic\u00edpio e Obter Emiss\u00e3o de Alvar\u00e1 de Funcionamento<\/a><\/h2>\n\n<p class=\"gb-headline gb-headline-2831661c gb-headline-text\"><a href=\"https:\/\/prefeituradecaico.com.br\/?author=1\">prefeituradecaico.com.br<\/a><\/p>\n<\/article><\/div>\n\n<div class=\"gb-grid-column gb-grid-column-ba09f40c gb-query-loop-item post-1380 post type-post status-publish format-standard has-post-thumbnail hentry category-blog\"><article class=\"gb-container gb-container-ba09f40c\">\n<div class=\"gb-container gb-container-9ee491ff\">\n<p class=\"gb-headline gb-headline-397ee59b gb-headline-text\"><time class=\"entry-date published\" datetime=\"2026-01-14T18:10:37-03:00\">14 de January de 2026<\/time><\/p>\n\n<div class=\"gb-container gb-container-35ff4da0\"><\/div>\n<\/div>\n\n<h2 class=\"gb-headline gb-headline-c4917338 gb-headline-text\"><a href=\"https:\/\/prefeituradecaico.com.br\/?p=1380\">Alvar\u00e1 de Funcionamento: O Que Cada Prefeitura Deve Saber sobre Regulariza\u00e7\u00e3o de Empresas Localizadas em Seu Territ\u00f3rio<\/a><\/h2>\n\n<p class=\"gb-headline gb-headline-2831661c gb-headline-text\"><a href=\"https:\/\/prefeituradecaico.com.br\/?author=1\">prefeituradecaico.com.br<\/a><\/p>\n<\/article><\/div>\n\n<div class=\"gb-grid-column gb-grid-column-ba09f40c gb-query-loop-item post-1378 post type-post status-publish format-standard has-post-thumbnail hentry category-blog\"><article class=\"gb-container gb-container-ba09f40c\">\n<div class=\"gb-container gb-container-9ee491ff\">\n<p class=\"gb-headline gb-headline-397ee59b gb-headline-text\"><time class=\"entry-date published\" datetime=\"2026-01-14T14:25:42-03:00\">14 de January de 2026<\/time><\/p>\n\n<div class=\"gb-container gb-container-35ff4da0\"><\/div>\n<\/div>\n\n<h2 class=\"gb-headline gb-headline-c4917338 gb-headline-text\"><a href=\"https:\/\/prefeituradecaico.com.br\/?p=1378\">Lei de Licita\u00e7\u00f5es: Como Garantir Transpar\u00eancia na Contrata\u00e7\u00e3o de Servi\u00e7os da Prefeitura com a Ajuda de Especialistas em Advocacia<\/a><\/h2>\n\n<p class=\"gb-headline gb-headline-2831661c gb-headline-text\"><a href=\"https:\/\/prefeituradecaico.com.br\/?author=1\">prefeituradecaico.com.br<\/a><\/p>\n<\/article><\/div>\n\n<div class=\"gb-grid-column gb-grid-column-ba09f40c gb-query-loop-item post-1376 post type-post status-publish format-standard has-post-thumbnail hentry category-blog\"><article class=\"gb-container gb-container-ba09f40c\">\n<div class=\"gb-container gb-container-9ee491ff\">\n<p class=\"gb-headline gb-headline-397ee59b gb-headline-text\"><time class=\"entry-date published\" datetime=\"2026-01-14T14:24:53-03:00\">14 de January de 2026<\/time><\/p>\n\n<div class=\"gb-container gb-container-35ff4da0\"><\/div>\n<\/div>\n\n<h2 class=\"gb-headline gb-headline-c4917338 gb-headline-text\"><a href=\"https:\/\/prefeituradecaico.com.br\/?p=1376\">O Impacto da Advocacia na Governan\u00e7a P\u00fablica: Um Exemplo de Sucesso na Prefeitura<\/a><\/h2>\n\n<p class=\"gb-headline gb-headline-2831661c gb-headline-text\"><a href=\"https:\/\/prefeituradecaico.com.br\/?author=1\">prefeituradecaico.com.br<\/a><\/p>\n<\/article><\/div>\n\n<div class=\"gb-grid-column gb-grid-column-ba09f40c gb-query-loop-item post-1372 post type-post status-publish format-standard has-post-thumbnail hentry category-blog\"><article class=\"gb-container gb-container-ba09f40c\">\n<div class=\"gb-container gb-container-9ee491ff\">\n<p class=\"gb-headline gb-headline-397ee59b gb-headline-text\"><time class=\"entry-date published\" datetime=\"2025-11-30T12:06:49-03:00\">30 de November de 2025<\/time><\/p>\n\n<div class=\"gb-container gb-container-35ff4da0\"><\/div>\n<\/div>\n\n<h2 class=\"gb-headline gb-headline-c4917338 gb-headline-text\"><a href=\"https:\/\/prefeituradecaico.com.br\/?p=1372\">A Import\u00e2ncia da Advocacia Criminal para a Gest\u00e3o P\u00fablica: Exemplos de Sucesso na Prefeitura<\/a><\/h2>\n\n<p class=\"gb-headline gb-headline-2831661c gb-headline-text\"><a href=\"https:\/\/prefeituradecaico.com.br\/?author=1\">prefeituradecaico.com.br<\/a><\/p>\n<\/article><\/div>\n<\/div>\n\n<\/section><\/div>\n\n<div class=\"gb-grid-column gb-grid-column-97a0d26a\"><section class=\"gb-container gb-container-97a0d26a\">\n\n<div class=\"gb-grid-wrapper gb-grid-wrapper-d21a15ca gb-query-loop-wrapper\">\n<div class=\"gb-grid-column gb-grid-column-3f272286 gb-query-loop-item post-1370 post type-post status-publish format-standard has-post-thumbnail hentry category-politics\"><article class=\"gb-container gb-container-3f272286\">\n<figure class=\"gb-block-image gb-block-image-33b45d01\"><a href=\"https:\/\/prefeituradecaico.com.br\/?p=1370\"><img loading=\"lazy\" decoding=\"async\" width=\"1024\" height=\"512\" src=\"https:\/\/prefeituradecaico.com.br\/wp-content\/uploads\/2024\/05\/advocacia-criminal-politica-1024x512.jpg\" class=\"gb-image-33b45d01\" alt=\"\" srcset=\"https:\/\/prefeituradecaico.com.br\/wp-content\/uploads\/2024\/05\/advocacia-criminal-politica-1024x512.jpg 1024w, https:\/\/prefeituradecaico.com.br\/wp-content\/uploads\/2024\/05\/advocacia-criminal-politica-300x150.jpg 300w, https:\/\/prefeituradecaico.com.br\/wp-content\/uploads\/2024\/05\/advocacia-criminal-politica-768x384.jpg 768w, https:\/\/prefeituradecaico.com.br\/wp-content\/uploads\/2024\/05\/advocacia-criminal-politica-1536x768.jpg 1536w, https:\/\/prefeituradecaico.com.br\/wp-content\/uploads\/2024\/05\/advocacia-criminal-politica.jpg 2000w\" sizes=\"auto, (max-width: 1024px) 100vw, 1024px\" \/><\/a><\/figure>\n\n<div class=\"gb-container gb-container-f082c771\">\n<div class=\"gb-container gb-container-09855735\">\n<div class=\"gb-container gb-container-1021ee22\">\n<p class=\"gb-headline gb-headline-4ce4b8b7 gb-headline-text\"><time class=\"entry-date published\" datetime=\"2025-11-30T12:02:19-03:00\">30 de November de 2025<\/time><\/p>\n\n<a class=\"gb-button gb-button-148fe0be gb-button-text post-term-item post-term-politics\" href=\"https:\/\/prefeituradecaico.com.br\/?cat=6\">Politics<\/a>\n<\/div>\n\n<div class=\"gb-container gb-container-3b5f6f96\">\n<h2 class=\"gb-headline gb-headline-993af1ae gb-headline-text\"><a href=\"https:\/\/prefeituradecaico.com.br\/?p=1370\">Justi\u00e7a Comunit\u00e1ria: Como a Advocacia Criminal pode Fortalecer a Responsabilidade dos Cidad\u00e3os<\/a><\/h2>\n\n<p class=\"gb-headline gb-headline-9d26b0dc gb-headline-text\"><a href=\"https:\/\/prefeituradecaico.com.br\/?author=1\">prefeituradecaico.com.br<\/a><\/p>\n<\/div>\n<\/div>\n\n<div class=\"gb-container gb-container-ecb5e10d\">\n<p class=\"gb-headline gb-headline-e8f35ea4 gb-headline-text\">Introdu\u00e7\u00e3o A busca por justi\u00e7a e responsabilidade \u00e9 um direito fundamental de qualquer cidad\u00e3o. No entanto, muitas vezes, a falta de conhecimento sobre os processos legais e a complexidade do sistema jur\u00eddico podem dificultar o acesso \u00e0 justi\u00e7a comunit\u00e1ria. A Advocacia Criminal desempenha um papel crucial na promo\u00e7\u00e3o da responsabilidade dos cidad\u00e3os ao longo das &#8230; <a title=\"Justi\u00e7a Comunit\u00e1ria: Como a Advocacia Criminal pode Fortalecer a Responsabilidade dos Cidad\u00e3os\" class=\"read-more\" href=\"https:\/\/prefeituradecaico.com.br\/?p=1370\" aria-label=\"Read more about Justi\u00e7a Comunit\u00e1ria: Como a Advocacia Criminal pode Fortalecer a Responsabilidade dos Cidad\u00e3os\">Read more<\/a><\/p>\n\n\n<\/div>\n<\/div>\n<\/article><\/div>\n<\/div>\n\n\n\n<div class=\"gb-grid-wrapper gb-grid-wrapper-1d3436f3 gb-query-loop-wrapper\">\n<div class=\"gb-grid-column gb-grid-column-c98f83d4 gb-query-loop-item post-1367 post type-post status-publish format-standard has-post-thumbnail hentry category-politics\"><article class=\"gb-container gb-container-c98f83d4\">\n<figure class=\"gb-block-image gb-block-image-8cb1fccd\"><a href=\"https:\/\/prefeituradecaico.com.br\/?p=1367\"><img loading=\"lazy\" decoding=\"async\" width=\"1024\" height=\"683\" src=\"https:\/\/prefeituradecaico.com.br\/wp-content\/uploads\/2024\/05\/advocacia-2-2-1024x683.jpg\" class=\"gb-image-8cb1fccd\" alt=\"\" srcset=\"https:\/\/prefeituradecaico.com.br\/wp-content\/uploads\/2024\/05\/advocacia-2-2-1024x683.jpg 1024w, https:\/\/prefeituradecaico.com.br\/wp-content\/uploads\/2024\/05\/advocacia-2-2-300x200.jpg 300w, https:\/\/prefeituradecaico.com.br\/wp-content\/uploads\/2024\/05\/advocacia-2-2-768x512.jpg 768w, https:\/\/prefeituradecaico.com.br\/wp-content\/uploads\/2024\/05\/advocacia-2-2.jpg 1200w\" sizes=\"auto, (max-width: 1024px) 100vw, 1024px\" \/><\/a><\/figure>\n\n<div class=\"gb-container gb-container-1618b1fb\">\n<p class=\"gb-headline gb-headline-ca936266 gb-headline-text\"><time class=\"entry-date published\" datetime=\"2025-11-30T11:58:22-03:00\">30 de November de 2025<\/time><\/p>\n\n<div class=\"gb-container gb-container-ee8d9729\">\n<a class=\"gb-button gb-button-211e755d gb-button-text post-term-item post-term-politics\" href=\"https:\/\/prefeituradecaico.com.br\/?cat=6\">Politics<\/a>\n<\/div>\n<\/div>\n\n<h2 class=\"gb-headline gb-headline-5bb81905 gb-headline-text\"><a href=\"https:\/\/prefeituradecaico.com.br\/?p=1367\">A Import\u00e2ncia da Advocacia Criminal para a Gest\u00e3o Eficaz de um Munic\u00edpio: Como os Advogados Podeem Ajudar a Prefeitura em Quest\u00f5es Legais e Evitar Problemas com a Lei<\/a><\/h2>\n\n<p class=\"gb-headline gb-headline-ed8f9096 gb-headline-text\">prefeituradecaico.com.br<\/p>\n\n<p class=\"gb-headline gb-headline-5c3281ac gb-headline-text\">Introdu\u00e7\u00e3o A gest\u00e3o eficaz de um munic\u00edpio depende de muitos fatores, incluindo a capacidade da prefeitura em lidar com quest\u00f5es legais. Nesse contexto, a Advocacia Criminal desempenha um papel crucial ao ajudar as prefeituras a navegar pelas complexidades do direito e evitar problemas com a lei. No entanto, muitos gestores p\u00fablicos n\u00e3o t\u00eam conhecimento suficiente &#8230; <a title=\"A Import\u00e2ncia da Advocacia Criminal para a Gest\u00e3o Eficaz de um Munic\u00edpio: Como os Advogados Podeem Ajudar a Prefeitura em Quest\u00f5es Legais e Evitar Problemas com a Lei\" class=\"read-more\" href=\"https:\/\/prefeituradecaico.com.br\/?p=1367\" aria-label=\"Read more about A Import\u00e2ncia da Advocacia Criminal para a Gest\u00e3o Eficaz de um Munic\u00edpio: Como os Advogados Podeem Ajudar a Prefeitura em Quest\u00f5es Legais e Evitar Problemas com a Lei\">Read more<\/a><\/p>\n\n\n<\/article><\/div>\n\n<div class=\"gb-grid-column gb-grid-column-c98f83d4 gb-query-loop-item post-1363 post type-post status-publish format-standard has-post-thumbnail hentry category-blog\"><article class=\"gb-container gb-container-c98f83d4\">\n<figure class=\"gb-block-image gb-block-image-8cb1fccd\"><a href=\"https:\/\/prefeituradecaico.com.br\/?p=1363\"><img loading=\"lazy\" decoding=\"async\" width=\"1024\" height=\"598\" src=\"https:\/\/prefeituradecaico.com.br\/wp-content\/uploads\/2023\/05\/priscilla-du-preez-I79wWVFyhEQ-unsplash-1024x598.jpg\" class=\"gb-image-8cb1fccd\" alt=\"\" srcset=\"https:\/\/prefeituradecaico.com.br\/wp-content\/uploads\/2023\/05\/priscilla-du-preez-I79wWVFyhEQ-unsplash-1024x598.jpg 1024w, https:\/\/prefeituradecaico.com.br\/wp-content\/uploads\/2023\/05\/priscilla-du-preez-I79wWVFyhEQ-unsplash-300x175.jpg 300w, https:\/\/prefeituradecaico.com.br\/wp-content\/uploads\/2023\/05\/priscilla-du-preez-I79wWVFyhEQ-unsplash-768x449.jpg 768w, https:\/\/prefeituradecaico.com.br\/wp-content\/uploads\/2023\/05\/priscilla-du-preez-I79wWVFyhEQ-unsplash-1536x898.jpg 1536w, https:\/\/prefeituradecaico.com.br\/wp-content\/uploads\/2023\/05\/priscilla-du-preez-I79wWVFyhEQ-unsplash.jpg 1920w\" sizes=\"auto, (max-width: 1024px) 100vw, 1024px\" \/><\/a><\/figure>\n\n<div class=\"gb-container gb-container-1618b1fb\">\n<p class=\"gb-headline gb-headline-ca936266 gb-headline-text\"><time class=\"entry-date published\" datetime=\"2025-11-18T13:16:19-03:00\">18 de November de 2025<\/time><\/p>\n\n<div class=\"gb-container gb-container-ee8d9729\">\n<a class=\"gb-button gb-button-211e755d gb-button-text post-term-item post-term-blog\" href=\"https:\/\/prefeituradecaico.com.br\/?cat=1\">Blog<\/a>\n<\/div>\n<\/div>\n\n<h2 class=\"gb-headline gb-headline-5bb81905 gb-headline-text\"><a href=\"https:\/\/prefeituradecaico.com.br\/?p=1363\">Alvar\u00e1 de Funcionamento: O Passo Fundamental para Empreender em sua Prefeitura<\/a><\/h2>\n\n<p class=\"gb-headline gb-headline-ed8f9096 gb-headline-text\">prefeituradecaico.com.br<\/p>\n\n<p class=\"gb-headline gb-headline-5c3281ac gb-headline-text\">O que \u00e9 um Alvar\u00e1 de Funcionamento? Para entender a import\u00e2ncia do alvar\u00e1 de funcionamento na sua prefeitura, \u00e9 preciso saber o que ele representa. Em resumo, \u00e9 um documento emitido pelo poder p\u00fablico (prefeituras e munic\u00edpios) que autoriza a abertura ou continuidade de uma atividade econ\u00f4mica em determinado local. Por que \u00e9 necess\u00e1rio obter &#8230; <a title=\"Alvar\u00e1 de Funcionamento: O Passo Fundamental para Empreender em sua Prefeitura\" class=\"read-more\" href=\"https:\/\/prefeituradecaico.com.br\/?p=1363\" aria-label=\"Read more about Alvar\u00e1 de Funcionamento: O Passo Fundamental para Empreender em sua Prefeitura\">Read more<\/a><\/p>\n\n\n<\/article><\/div>\n<\/div>\n\n<\/section><\/div>\n\n<div class=\"gb-grid-column gb-grid-column-bdf9fec1\"><section class=\"gb-container gb-container-bdf9fec1\">\n\n<div class=\"gb-grid-wrapper gb-grid-wrapper-ede072d6 gb-query-loop-wrapper\">\n<div class=\"gb-grid-column gb-grid-column-cddbd4bf gb-query-loop-item post-1361 post type-post status-publish format-standard has-post-thumbnail hentry category-blog\"><article class=\"gb-container gb-container-cddbd4bf\">\n<figure class=\"gb-block-image gb-block-image-9a71f806\"><a href=\"https:\/\/prefeituradecaico.com.br\/?p=1361\"><img loading=\"lazy\" decoding=\"async\" width=\"290\" height=\"174\" src=\"https:\/\/prefeituradecaico.com.br\/wp-content\/uploads\/2025\/03\/cpf.jpeg\" class=\"gb-image-9a71f806\" alt=\"\" \/><\/a><\/figure>\n\n<div class=\"gb-container gb-container-34733089\">\n<p class=\"gb-headline gb-headline-8b9307e2 gb-headline-text\"><time class=\"entry-date published\" datetime=\"2025-11-18T13:15:14-03:00\">18 de November de 2025<\/time><\/p>\n\n<a class=\"gb-button gb-button-edd06320 gb-button-text post-term-item post-term-blog\" href=\"https:\/\/prefeituradecaico.com.br\/?cat=1\">Blog<\/a>\n<\/div>\n\n<h2 class=\"gb-headline gb-headline-84c460cc gb-headline-text\"><a href=\"https:\/\/prefeituradecaico.com.br\/?p=1361\">Alvar\u00e1 de Funcionamento: O Passo Fundamental para a Abertura de Neg\u00f3cios em Munic\u00edpios<\/a><\/h2>\n\n<p class=\"gb-headline gb-headline-20eaa387 gb-headline-text\"><a href=\"https:\/\/prefeituradecaico.com.br\/?author=1\">prefeituradecaico.com.br<\/a><\/p>\n\n<p class=\"gb-headline gb-headline-cee640fe gb-headline-text\">A abertura de um neg\u00f3cio \u00e9 um processo complexo que envolve v\u00e1rios passos e requisitos, alguns dos quais podem ser menos conhecidos ou mal compreendidos pela maioria das pessoas. Entre esses requisitos est\u00e1 o alvar\u00e1 de funcionamento, um documento essencial para a legaliza\u00e7\u00e3o e opera\u00e7\u00e3o da empresa. O Que \u00e9 Alvar\u00e1 de Funcionamento? O alvar\u00e1 &#8230; <a title=\"Alvar\u00e1 de Funcionamento: O Passo Fundamental para a Abertura de Neg\u00f3cios em Munic\u00edpios\" class=\"read-more\" href=\"https:\/\/prefeituradecaico.com.br\/?p=1361\" aria-label=\"Read more about Alvar\u00e1 de Funcionamento: O Passo Fundamental para a Abertura de Neg\u00f3cios em Munic\u00edpios\">Read more<\/a><\/p>\n<\/article><\/div>\n\n<div class=\"gb-grid-column gb-grid-column-cddbd4bf gb-query-loop-item post-1358 post type-post status-publish format-standard has-post-thumbnail hentry category-blog\"><article class=\"gb-container gb-container-cddbd4bf\">\n<figure class=\"gb-block-image gb-block-image-9a71f806\"><a href=\"https:\/\/prefeituradecaico.com.br\/?p=1358\"><img loading=\"lazy\" decoding=\"async\" width=\"1024\" height=\"683\" src=\"https:\/\/prefeituradecaico.com.br\/wp-content\/uploads\/2024\/05\/advocacia-2-1024x683.jpg\" class=\"gb-image-9a71f806\" alt=\"\" srcset=\"https:\/\/prefeituradecaico.com.br\/wp-content\/uploads\/2024\/05\/advocacia-2-1024x683.jpg 1024w, https:\/\/prefeituradecaico.com.br\/wp-content\/uploads\/2024\/05\/advocacia-2-300x200.jpg 300w, https:\/\/prefeituradecaico.com.br\/wp-content\/uploads\/2024\/05\/advocacia-2-768x512.jpg 768w, https:\/\/prefeituradecaico.com.br\/wp-content\/uploads\/2024\/05\/advocacia-2.jpg 1200w\" sizes=\"auto, (max-width: 1024px) 100vw, 1024px\" \/><\/a><\/figure>\n\n<div class=\"gb-container gb-container-34733089\">\n<p class=\"gb-headline gb-headline-8b9307e2 gb-headline-text\"><time class=\"entry-date published\" datetime=\"2025-10-14T20:12:26-03:00\">14 de October de 2025<\/time><\/p>\n\n<a class=\"gb-button gb-button-edd06320 gb-button-text post-term-item post-term-blog\" href=\"https:\/\/prefeituradecaico.com.br\/?cat=1\">Blog<\/a>\n<\/div>\n\n<h2 class=\"gb-headline gb-headline-84c460cc gb-headline-text\"><a href=\"https:\/\/prefeituradecaico.com.br\/?p=1358\">T\u00edtulo: Como a Prefeitura Pode Incluir uma Abordagem mais Justa na Seguran\u00e7a da Cidade<\/a><\/h2>\n\n<p class=\"gb-headline gb-headline-20eaa387 gb-headline-text\"><a href=\"https:\/\/prefeituradecaico.com.br\/?author=1\">prefeituradecaico.com.br<\/a><\/p>\n\n<p class=\"gb-headline gb-headline-cee640fe gb-headline-text\">Introdu\u00e7\u00e3o A seguran\u00e7a \u00e9 um dos principais desafios enfrentados pelas prefeituras em todo o pa\u00eds. A viol\u00eancia, o crime e o medo s\u00e3o sentimentos que afetam n\u00e3o apenas as v\u00edtimas, mas tamb\u00e9m seus familiares, amigos e a comunidade como um todo. No entanto, h\u00e1 uma abordagem mais justa para lidar com esses problemas: atrav\u00e9s de &#8230; <a title=\"T\u00edtulo: Como a Prefeitura Pode Incluir uma Abordagem mais Justa na Seguran\u00e7a da Cidade\" class=\"read-more\" href=\"https:\/\/prefeituradecaico.com.br\/?p=1358\" aria-label=\"Read more about T\u00edtulo: Como a Prefeitura Pode Incluir uma Abordagem mais Justa na Seguran\u00e7a da Cidade\">Read more<\/a><\/p>\n<\/article><\/div>\n\n<div class=\"gb-grid-column gb-grid-column-cddbd4bf gb-query-loop-item post-1356 post type-post status-publish format-standard has-post-thumbnail hentry category-education\"><article class=\"gb-container gb-container-cddbd4bf\">\n<figure class=\"gb-block-image gb-block-image-9a71f806\"><a href=\"https:\/\/prefeituradecaico.com.br\/?p=1356\"><img loading=\"lazy\" decoding=\"async\" width=\"1024\" height=\"768\" src=\"https:\/\/prefeituradecaico.com.br\/wp-content\/uploads\/2024\/05\/advocacia-1024x768.webp\" class=\"gb-image-9a71f806\" alt=\"\" srcset=\"https:\/\/prefeituradecaico.com.br\/wp-content\/uploads\/2024\/05\/advocacia-1024x768.webp 1024w, https:\/\/prefeituradecaico.com.br\/wp-content\/uploads\/2024\/05\/advocacia-300x225.webp 300w, https:\/\/prefeituradecaico.com.br\/wp-content\/uploads\/2024\/05\/advocacia-768x576.webp 768w, https:\/\/prefeituradecaico.com.br\/wp-content\/uploads\/2024\/05\/advocacia.webp 1440w\" sizes=\"auto, (max-width: 1024px) 100vw, 1024px\" \/><\/a><\/figure>\n\n<div class=\"gb-container gb-container-34733089\">\n<p class=\"gb-headline gb-headline-8b9307e2 gb-headline-text\"><time class=\"entry-date published\" datetime=\"2025-10-14T20:11:02-03:00\">14 de October de 2025<\/time><\/p>\n\n<a class=\"gb-button gb-button-edd06320 gb-button-text post-term-item post-term-education\" href=\"https:\/\/prefeituradecaico.com.br\/?cat=4\">Education<\/a>\n<\/div>\n\n<h2 class=\"gb-headline gb-headline-84c460cc gb-headline-text\"><a href=\"https:\/\/prefeituradecaico.com.br\/?p=1356\">Proteja seu Munic\u00edpio: Entenda a Import\u00e2ncia da Consultoria Jur\u00eddica em Processos de Governo<\/a><\/h2>\n\n<p class=\"gb-headline gb-headline-20eaa387 gb-headline-text\"><a href=\"https:\/\/prefeituradecaico.com.br\/?author=1\">prefeituradecaico.com.br<\/a><\/p>\n\n<p class=\"gb-headline gb-headline-cee640fe gb-headline-text\">Introdu\u00e7\u00e3o A administra\u00e7\u00e3o p\u00fablica, sobretudo nos munic\u00edpios brasileiros, enfrenta desafios significativos na implementa\u00e7\u00e3o das pol\u00edticas p\u00fablicas. Em meio \u00e0 gest\u00e3o complexa de recursos, \u00e0 necessidade de manter a confian\u00e7a da popula\u00e7\u00e3o e ao cumprimento das leis, \u00e9 comum que os \u00f3rg\u00e3os p\u00fablicos precisem de consultoria jur\u00eddica especializada para evitar problemas legais. Nesse contexto, a import\u00e2ncia &#8230; <a title=\"Proteja seu Munic\u00edpio: Entenda a Import\u00e2ncia da Consultoria Jur\u00eddica em Processos de Governo\" class=\"read-more\" href=\"https:\/\/prefeituradecaico.com.br\/?p=1356\" aria-label=\"Read more about Proteja seu Munic\u00edpio: Entenda a Import\u00e2ncia da Consultoria Jur\u00eddica em Processos de Governo\">Read more<\/a><\/p>\n<\/article><\/div>\n<\/div>\n\n<\/section><\/div>\n<\/div>\n<\/section>","protected":false},"excerpt":{"rendered":"","protected":false},"author":0,"featured_media":0,"parent":0,"menu_order":0,"comment_status":"closed","ping_status":"closed","template":"","meta":{"footnotes":""},"class_list":["post-144","page","type-page","status-publish"],"_links":{"self":[{"href":"https:\/\/prefeituradecaico.com.br\/index.php?rest_route=\/wp\/v2\/pages\/144","targetHints":{"allow":["GET"]}}],"collection":[{"href":"https:\/\/prefeituradecaico.com.br\/index.php?rest_route=\/wp\/v2\/pages"}],"about":[{"href":"https:\/\/prefeituradecaico.com.br\/index.php?rest_route=\/wp\/v2\/types\/page"}],"replies":[{"embeddable":true,"href":"https:\/\/prefeituradecaico.com.br\/index.php?rest_route=%2Fwp%2Fv2%2Fcomments&post=144"}],"version-history":[{"count":0,"href":"https:\/\/prefeituradecaico.com.br\/index.php?rest_route=\/wp\/v2\/pages\/144\/revisions"}],"wp:attachment":[{"href":"https:\/\/prefeituradecaico.com.br\/index.php?rest_route=%2Fwp%2Fv2%2Fmedia&parent=144"}],"curies":[{"name":"wp","href":"https:\/\/api.w.org\/{rel}","templated":true}]}}